{"id":1195,"date":"2022-02-01T11:09:44","date_gmt":"2022-02-01T14:09:44","guid":{"rendered":"https:\/\/superbike.vippersonalconcierge.com\/?page_id=1195"},"modified":"2023-06-01T15:42:11","modified_gmt":"2023-06-01T18:42:11","slug":"sobre","status":"publish","type":"page","link":"https:\/\/bikes.podiofg.com\/?page_id=1195","title":{"rendered":"Sobre"},"content":{"rendered":"\n<div class=\"wp-block-uagb-container uagb-block-93cadb6a alignfull uagb-is-root-container\"><div class=\"uagb-container-inner-blocks-wrap\">\n<div class=\"wp-block-uagb-advanced-heading uagb-block-0111a862\"><h1 class=\"uagb-heading-text\">SOBRE N\u00d3S<\/h1><\/div>\n\n\n\n<div class=\"wp-block-uagb-container uagb-block-53f75da4\">\n<div class=\"wp-block-uagb-info-box uagb-block-eb728794 uagb-infobox__content-wrap  uagb-infobox-icon-above-title uagb-infobox-image-valign-top\"><div class=\"uagb-ifb-content\"><div class=\"uagb-ifb-icon-wrap\"><div class=\"uagb-iconbox-icon-wrap uagb-infobox-shape-circle\"><svg xmlns=\"https:\/\/www.w3.org\/2000\/svg\" viewBox=\"0 0 384 512\"><path d=\"M361 215C375.3 223.8 384 239.3 384 256C384 272.7 375.3 288.2 361 296.1L73.03 472.1C58.21 482 39.66 482.4 24.52 473.9C9.377 465.4 0 449.4 0 432V80C0 62.64 9.377 46.63 24.52 38.13C39.66 29.64 58.21 29.99 73.03 39.04L361 215z\"><\/path><\/svg><\/div><\/div><div class=\"uagb-ifb-title-wrap\"><h4 class=\"uagb-ifb-title\">ASSISTA O V\u00cdDEO COMPLETO<\/h4><\/div><\/div><\/div>\n<\/div>\n<\/div><\/div>\n\n\n\n<div class=\"wp-block-uagb-container uagb-block-a16d0785 alignfull uagb-is-root-container\"><div class=\"uagb-container-inner-blocks-wrap\">\n<div class=\"wp-block-uagb-advanced-heading uagb-block-82f9103e\"><h2 class=\"uagb-heading-text\">CONHE\u00c7A ALGUMAS HIST\u00d3RIAS<\/h2><\/div>\n<\/div><\/div>\n\n\n\n<div class=\"wp-block-uagb-container uagb-block-82461ddc alignfull uagb-is-root-container\"><div class=\"uagb-container-inner-blocks-wrap\">\n<div class=\"wp-block-uagb-container uagb-block-b736e837\">\n<div class=\"wp-block-uagb-container uagb-block-51fdbc7c\">\n<div class=\"wp-block-uagb-advanced-heading uagb-block-f63510dd\"><h5 class=\"uagb-heading-text\">SEJA UM BIKER E V\u00c1!<\/h5><p class=\"uagb-desc-text\">2002\u200b<\/p><\/div>\n<\/div>\n\n\n\n<div class=\"wp-block-uagb-container uagb-block-90bbf5d5\">\n<div class=\"wp-block-uagb-advanced-heading uagb-block-c40b6ea0\"><h5 class=\"uagb-heading-text\">A PRIMEIRA ODFICINA E LOJA\u200b<\/h5><p class=\"uagb-desc-text\">2004<\/p><\/div>\n<\/div>\n<\/div>\n\n\n\n<div class=\"wp-block-uagb-container uagb-block-473ee73b\">\n<div class=\"wp-block-uagb-advanced-heading uagb-block-130e69d1\"><h4 class=\"uagb-heading-text\">NOSSO PRIMEIRO SERVI\u00c7O<\/h4><p class=\"uagb-desc-text\">2005<\/p><\/div>\n<\/div>\n<\/div><\/div>\n\n\n\n<div class=\"wp-block-uagb-container uagb-block-4a03969b alignfull uagb-is-root-container\"><div class=\"uagb-container-inner-blocks-wrap\">\n<div class=\"wp-block-uagb-container uagb-block-564006ac\">\n<div class=\"wp-block-uagb-advanced-heading uagb-block-c5546e11\"><h4 class=\"uagb-heading-text\">PRIMEIRO EVENTO #XPTO<\/h4><p class=\"uagb-desc-text\">2005<\/p><\/div>\n<\/div>\n\n\n\n<div class=\"wp-block-uagb-container uagb-block-d7c5e0e5\">\n<div class=\"wp-block-uagb-container uagb-block-66c95b3d\">\n<div class=\"wp-block-uagb-advanced-heading uagb-block-914c08f3\"><h5 class=\"uagb-heading-text\">+10 COLABOADORES<\/h5><p class=\"uagb-desc-text\">2002\u200b<\/p><\/div>\n<\/div>\n\n\n\n<div class=\"wp-block-uagb-container uagb-block-73cea8d4\">\n<div class=\"wp-block-uagb-advanced-heading uagb-block-91185e7b\"><h5 class=\"uagb-heading-text\">+50 MODELOS E ACESS\u00d3RIOS\u200b<\/h5><p class=\"uagb-desc-text\">Today<\/p><\/div>\n<\/div>\n<\/div>\n<\/div><\/div>\n\n\n\n<div class=\"wp-block-uagb-container uagb-block-61f4fcdb alignfull uagb-is-root-container\"><div class=\"uagb-container-inner-blocks-wrap\">\n<div class=\"wp-block-uagb-advanced-heading uagb-block-9720a8bb\"><h2 class=\"uagb-heading-text\">Quem n\u00f3s somos<\/h2><\/div>\n\n\n\n<div class=\"wp-block-uagb-container uagb-block-620bf21e\">\n<div class=\"wp-block-uagb-container uagb-block-87aca3f3\">\n<div class=\"wp-block-uagb-info-box uagb-block-caad1ac9 uagb-infobox__content-wrap  uagb-infobox-icon-above-title uagb-infobox-image-valign-top\"><div class=\"uagb-ifb-content\"><div class=\"uagb-ifb-title-wrap\"><span class=\"uagb-ifb-title-prefix\">01.<\/span><h5 class=\"uagb-ifb-title\">Nossa miss\u00e3o<\/h5><\/div><p class=\"uagb-ifb-desc\">Lorem ipsum dolor sit amet, consec tetur elit. Ut elit tellus, luctus nec ullam corper.\u200b<\/p><\/div><\/div>\n<\/div>\n\n\n\n<div class=\"wp-block-uagb-container uagb-block-116a9eae\">\n<div class=\"wp-block-uagb-info-box uagb-block-08abe545 uagb-infobox__content-wrap  uagb-infobox-icon-above-title uagb-infobox-image-valign-top\"><div class=\"uagb-ifb-content\"><div class=\"uagb-ifb-title-wrap\"><span class=\"uagb-ifb-title-prefix\">02.<\/span><h5 class=\"uagb-ifb-title\">Nossa vis\u00e3o<\/h5><\/div><p class=\"uagb-ifb-desc\">Lorem ipsum dolor sit amet, consec tetur elit. Ut elit tellus, luctus nec ullam corper.\u200b<\/p><\/div><\/div>\n<\/div>\n\n\n\n<div class=\"wp-block-uagb-container uagb-block-8a0c76be\">\n<div class=\"wp-block-uagb-info-box uagb-block-7b017ab1 uagb-infobox__content-wrap  uagb-infobox-icon-above-title uagb-infobox-image-valign-top\"><div class=\"uagb-ifb-content\"><div class=\"uagb-ifb-title-wrap\"><span class=\"uagb-ifb-title-prefix\">03.<\/span><h5 class=\"uagb-ifb-title\">Nossos valores<\/h5><\/div><p class=\"uagb-ifb-desc\">Lorem ipsum dolor sit amet, consec tetur elit. Ut elit tellus, luctus nec ullam corper.\u200b<\/p><\/div><\/div>\n<\/div>\n\n\n\n<div class=\"wp-block-uagb-container uagb-block-eddbead6\">\n<div class=\"wp-block-uagb-info-box uagb-block-78d3f33f uagb-infobox__content-wrap  uagb-infobox-icon-above-title uagb-infobox-image-valign-top\"><div class=\"uagb-ifb-content\"><div class=\"uagb-ifb-title-wrap\"><span class=\"uagb-ifb-title-prefix\">04.<\/span><h5 class=\"uagb-ifb-title\">Vendas e Servi\u00e7os<\/h5><\/div><p class=\"uagb-ifb-desc\">Lorem ipsum dolor sit amet, consec tetur elit. Ut elit tellus, luctus nec ullam corper.\u200b<\/p><\/div><\/div>\n<\/div>\n<\/div>\n<\/div><\/div>\n\n\n\n<div class=\"wp-block-uagb-container uagb-block-3a67f63f alignfull uagb-is-root-container\"><div class=\"uagb-container-inner-blocks-wrap\">\n<div class=\"wp-block-uagb-advanced-heading uagb-block-0e9f1aee\"><h2 class=\"uagb-heading-text\">PARTICIPE DO PROGRAMA: #XPTO<\/h2><\/div>\n\n\n\n<div class=\"wp-block-uagb-container uagb-block-aa35d348\">\n<div class=\"wp-block-uagb-info-box uagb-block-4c3454fc uagb-infobox__content-wrap  uagb-infobox-icon-above-title uagb-infobox-image-valign-top\"><div class=\"uagb-ifb-content\"><div class=\"uagb-ifb-icon-wrap\"><div class=\"uagb-iconbox-icon-wrap uagb-infobox-shape-circle\"><svg xmlns=\"https:\/\/www.w3.org\/2000\/svg\" viewBox=\"0 0 384 512\"><path d=\"M361 215C375.3 223.8 384 239.3 384 256C384 272.7 375.3 288.2 361 296.1L73.03 472.1C58.21 482 39.66 482.4 24.52 473.9C9.377 465.4 0 449.4 0 432V80C0 62.64 9.377 46.63 24.52 38.13C39.66 29.64 58.21 29.99 73.03 39.04L361 215z\"><\/path><\/svg><\/div><\/div><div class=\"uagb-ifb-title-wrap\"><h4 class=\"uagb-ifb-title\">ASSISTA O V\u00cdDEO COMPLETO<\/h4><\/div><\/div><\/div>\n<\/div>\n\n\n\n<div class=\"wp-block-uagb-container uagb-block-55959afb\">\n<div class=\"wp-block-uagb-container uagb-block-2584b008\">\n<div class=\"wp-block-uagb-advanced-heading uagb-block-82309d21\"><h4 class=\"uagb-heading-text\">DUIS AUTE IRURE DOLOR IN REPREHENDERIT VELIT.\u200b<\/h4><p class=\"uagb-desc-text\">Lorem ipsum dolor sit amet, consectetur adipiscing elit. Ut elit tellus, luctus nec ullamcorper mattis.<\/p><\/div>\n<\/div>\n\n\n\n<div class=\"wp-block-uagb-container uagb-block-a3b2a10c\">\n<div class=\"wp-block-uagb-buttons uagb-buttons__outer-wrap uagb-btn__default-btn uagb-btn-tablet__default-btn uagb-btn-mobile__default-btn uagb-block-4dac504d\"><div class=\"uagb-buttons__wrap uagb-buttons-layout-wrap\">\n<div class=\"wp-block-uagb-buttons-child uagb-buttons__outer-wrap uagb-block-b1490829 wp-block-button is-style-outline\"><div class=\"uagb-button__wrapper\"><a class=\"uagb-buttons-repeater wp-block-button__link\" href=\"#\" onclick=\"return false;\" rel=\"follow noopener\" target=\"_self\"><div class=\"uagb-button__link\">Junte-se ao programa<\/div><\/a><\/div><\/div>\n<\/div><\/div>\n<\/div>\n<\/div>\n<\/div><\/div>\n\n\n\n<div class=\"wp-block-uagb-container uagb-block-31f6bd50 alignfull uagb-is-root-container\"><div class=\"uagb-container-inner-blocks-wrap\">\n<div class=\"wp-block-uagb-advanced-heading uagb-block-a048599c\"><h2 class=\"uagb-heading-text\"><strong>A melhor Street Bike<\/strong><\/h2><\/div>\n\n\n\n<div class=\"wp-block-uagb-info-box uagb-block-4cc67a6d uagb-infobox__content-wrap  uagb-infobox-icon-above-title uagb-infobox-image-valign-top\"><div class=\"uagb-ifb-content\"><div class=\"uagb-ifb-title-wrap\"><h3 class=\"uagb-ifb-title\">Santa Cruz GX AXS RSV \u2013 \u00c9 AQUI!\u200b\u200b<\/h3><\/div><p class=\"uagb-ifb-desc\">Nam nec tellus a odio tincidunt auctor a ornare odio. Sed non mauris vitae erat consequat auctor eu in elit. Class aptent taciti sociosqu ad litora torquent per conubia nostra, per inceptos himenaeos. Mauris in erat justo.<\/p><div class=\"uagb-ifb-button-wrapper wp-block-button\"><a href=\"#\" class=\"uagb-infobox-cta-link wp-block-button__link\" target=\"_self\" rel=\"noopener noreferrer\" onclick=\"return false;\" alt=\"\"><span class=\"uagb-inline-editing\">Saiba Mais<\/span><\/a><\/div><\/div><\/div>\n<\/div><\/div>\n","protected":false},"excerpt":{"rendered":"<p>SOBRE N\u00d3S CONHE\u00c7A ALGUMAS HIST\u00d3RIAS SEJA UM BIKER E V\u00c1! 2002\u200b A PRIMEIRA ODFICINA E LOJA\u200b 2004 NOSSO PRIMEIRO SERVI\u00c7O 2005 PRIMEIRO EVENTO #XPTO 2005 +10 COLABOADORES 2002\u200b +50 MODELOS E ACESS\u00d3RIOS\u200b Today Quem n\u00f3s somos PARTICIPE DO PROGRAMA: #XPTO DUIS AUTE IRURE DOLOR IN REPREHENDERIT VELIT.\u200b Lorem ipsum dolor sit amet, consectetur adipiscing elit. [&hellip;]<\/p>\n","protected":false},"author":1,"featured_media":0,"parent":0,"menu_order":0,"comment_status":"closed","ping_status":"closed","template":"","meta":{"_uag_custom_page_level_css":"","site-sidebar-layout":"no-sidebar","site-content-layout":"plain-container","ast-site-content-layout":"default","site-content-style":"default","site-sidebar-style":"default","ast-global-header-display":"","ast-banner-title-visibility":"","ast-main-header-display":"","ast-hfb-above-header-display":"","ast-hfb-below-header-display":"","ast-hfb-mobile-header-display":"","site-post-title":"disabled","ast-breadcrumbs-content":"","ast-featured-img":"disabled","footer-sml-layout":"","ast-disable-related-posts":"","theme-transparent-header-meta":"enabled","adv-header-id-meta":"","stick-header-meta":"","header-above-stick-meta":"","header-main-stick-meta":"","header-below-stick-meta":"","astra-migrate-meta-layouts":"default","ast-page-background-enabled":"default","ast-page-background-meta":{"desktop":{"background-color":"","background-image":"","background-repeat":"repeat","background-position":"center center","background-size":"auto","background-attachment":"scroll","background-type":"","background-media":"","overlay-type":"","overlay-color":"","overlay-opacity":"","overlay-gradient":""},"tablet":{"background-color":"","background-image":"","background-repeat":"repeat","background-position":"center center","background-size":"auto","background-attachment":"scroll","background-type":"","background-media":"","overlay-type":"","overlay-color":"","overlay-opacity":"","overlay-gradient":""},"mobile":{"background-color":"","background-image":"","background-repeat":"repeat","background-position":"center center","background-size":"auto","background-attachment":"scroll","background-type":"","background-media":"","overlay-type":"","overlay-color":"","overlay-opacity":"","overlay-gradient":""}},"ast-content-background-meta":{"desktop":{"background-color":"var(--ast-global-color-5)","background-image":"","background-repeat":"repeat","background-position":"center center","background-size":"auto","background-attachment":"scroll","background-type":"","background-media":"","overlay-type":"","overlay-color":"","overlay-opacity":"","overlay-gradient":""},"tablet":{"background-color":"var(--ast-global-color-5)","background-image":"","background-repeat":"repeat","background-position":"center center","background-size":"auto","background-attachment":"scroll","background-type":"","background-media":"","overlay-type":"","overlay-color":"","overlay-opacity":"","overlay-gradient":""},"mobile":{"background-color":"var(--ast-global-color-5)","background-image":"","background-repeat":"repeat","background-position":"center center","background-size":"auto","background-attachment":"scroll","background-type":"","background-media":"","overlay-type":"","overlay-color":"","overlay-opacity":"","overlay-gradient":""}},"footnotes":""},"class_list":["post-1195","page","type-page","status-publish","hentry"],"uagb_featured_image_src":{"full":false,"thumbnail":false,"medium":false,"medium_large":false,"large":false,"1536x1536":false,"2048x2048":false,"woocommerce_thumbnail":false,"woocommerce_single":false,"woocommerce_gallery_thumbnail":false},"uagb_author_info":{"display_name":"SuperBike","author_link":"https:\/\/bikes.podiofg.com\/?author=1"},"uagb_comment_info":0,"uagb_excerpt":"SOBRE N\u00d3S CONHE\u00c7A ALGUMAS HIST\u00d3RIAS SEJA UM BIKER E V\u00c1! 2002\u200b A PRIMEIRA ODFICINA E LOJA\u200b 2004 NOSSO PRIMEIRO SERVI\u00c7O 2005 PRIMEIRO EVENTO #XPTO 2005 +10 COLABOADORES 2002\u200b +50 MODELOS E ACESS\u00d3RIOS\u200b Today Quem n\u00f3s somos PARTICIPE DO PROGRAMA: #XPTO DUIS AUTE IRURE DOLOR IN REPREHENDERIT VELIT.\u200b Lorem ipsum dolor sit amet, consectetur adipiscing elit.&hellip;","_links":{"self":[{"href":"https:\/\/bikes.podiofg.com\/index.php?rest_route=\/wp\/v2\/pages\/1195","targetHints":{"allow":["GET"]}}],"collection":[{"href":"https:\/\/bikes.podiofg.com\/index.php?rest_route=\/wp\/v2\/pages"}],"about":[{"href":"https:\/\/bikes.podiofg.com\/index.php?rest_route=\/wp\/v2\/types\/page"}],"author":[{"embeddable":true,"href":"https:\/\/bikes.podiofg.com\/index.php?rest_route=\/wp\/v2\/users\/1"}],"replies":[{"embeddable":true,"href":"https:\/\/bikes.podiofg.com\/index.php?rest_route=%2Fwp%2Fv2%2Fcomments&post=1195"}],"version-history":[{"count":14,"href":"https:\/\/bikes.podiofg.com\/index.php?rest_route=\/wp\/v2\/pages\/1195\/revisions"}],"predecessor-version":[{"id":1715,"href":"https:\/\/bikes.podiofg.com\/index.php?rest_route=\/wp\/v2\/pages\/1195\/revisions\/1715"}],"wp:attachment":[{"href":"https:\/\/bikes.podiofg.com\/index.php?rest_route=%2Fwp%2Fv2%2Fmedia&parent=1195"}],"curies":[{"name":"wp","href":"https:\/\/api.w.org\/{rel}","templated":true}]}}