{"id":1197,"date":"2022-02-01T11:10:47","date_gmt":"2022-02-01T14:10:47","guid":{"rendered":"https:\/\/superbike.vippersonalconcierge.com\/?page_id=1197"},"modified":"2023-11-23T10:49:42","modified_gmt":"2023-11-23T13:49:42","slug":"contato","status":"publish","type":"page","link":"https:\/\/bikes.podiofg.com\/?page_id=1197","title":{"rendered":"Contato"},"content":{"rendered":"\n<div class=\"wp-block-uagb-container uagb-block-d32fd923 alignfull uagb-is-root-container\"><div class=\"uagb-container-inner-blocks-wrap\">\n<div class=\"wp-block-uagb-advanced-heading uagb-block-65e7a64d\"><h1 class=\"uagb-heading-text\">Fale Conosco<\/h1><\/div>\n<\/div><\/div>\n\n\n\n<div class=\"wp-block-uagb-container uagb-block-c34f3095 alignfull uagb-is-root-container\">\t\t\t<div \n\t\t\tclass=\"wp-block-uagb-google-map uagb-google-map__wrap uagb-block-5efa5ea1     wp-block-uagb-google-map uagb-google-map__wrap uagb-block-6f5e454d\"\n\t\t\tstyle=\"\" >\n\t\t\t\t<embed\n\t\t\t\t\tclass=\"uagb-google-map__iframe\"\n\t\t\t\t\ttitle=\"Google Map for \"\n\t\t\t\t\tsrc=\"https:\/\/maps.google.com\/maps?q=ufsc&#038;z=15&#038;hl=en&#038;t=m&#038;output=embed&#038;iwloc=near\"\n\t\t\t\t\twidth=\"640\"\n\t\t\t\t\theight=\"400\"\n\t\t\t\t\tloading=\"lazy\"\n\t\t\t\t><\/embed>\n\t\t\t<\/div>\n\t\t\t<\/div>\n\n\n\n<div class=\"wp-block-uagb-container uagb-block-f93eac00 alignfull uagb-is-root-container\"><div class=\"uagb-container-inner-blocks-wrap\">\n<div class=\"wp-block-uagb-container uagb-block-b8a3c110\">\n<div class=\"wp-block-uagb-info-box uagb-block-77e4b492 uagb-infobox__content-wrap  uagb-infobox-icon-above-title uagb-infobox-image-valign-top\"><div class=\"uagb-ifb-content\"><div class=\"uagb-ifb-icon-wrap\"><svg xmlns=\"https:\/\/www.w3.org\/2000\/svg\" viewBox=\"0 0 640 512\"><path d=\"M416 32C451.3 32 480 60.65 480 96V144H528.8C545.6 144 561.5 151.5 572.2 164.5L630.1 236.4C636.8 243.5 640 252.5 640 261.7V352C640 369.7 625.7 384 608 384H606.4C607.4 389.2 608 394.5 608 400C608 444.2 572.2 480 528 480C483.8 480 448 444.2 448 400C448 394.5 448.6 389.2 449.6 384H286.4C287.4 389.2 288 394.5 288 400C288 444.2 252.2 480 208 480C181.8 480 158.6 467.4 144 448C129.4 467.4 106.2 480 80 480C35.82 480 0 444.2 0 400V96C0 60.65 28.65 32 64 32H416zM535 194.9C533.5 193.1 531.2 192 528.8 192H480V256H584.1L535 194.9zM528 432C545.7 432 560 417.7 560 400C560 382.3 545.7 368 528 368C510.3 368 496 382.3 496 400C496 417.7 510.3 432 528 432zM208 368C190.3 368 176 382.3 176 400C176 417.7 190.3 432 208 432C225.7 432 240 417.7 240 400C240 382.3 225.7 368 208 368zM80 432C97.67 432 112 417.7 112 400C112 382.3 97.67 368 80 368C62.33 368 48 382.3 48 400C48 417.7 62.33 432 80 432z\"><\/path><\/svg><\/div><div class=\"uagb-ifb-title-wrap\"><h5 class=\"uagb-ifb-title\">55 48 99999 9999<\/h5><\/div><p class=\"uagb-ifb-desc\">D\u00favidas sobre Vendas<\/p><\/div><\/div>\n<\/div>\n\n\n\n<div class=\"wp-block-uagb-container uagb-block-c8922e2a\">\n<div class=\"wp-block-uagb-info-box uagb-block-5b4a2dd1 uagb-infobox__content-wrap  uagb-infobox-icon-above-title uagb-infobox-image-valign-top\"><div class=\"uagb-ifb-content\"><div class=\"uagb-ifb-icon-wrap\"><svg xmlns=\"https:\/\/www.w3.org\/2000\/svg\" viewBox=\"0 0 512 512\"><path d=\"M502.6 182.6l-45.25-45.25C451.4 131.4 443.3 128 434.8 128H384V80C384 53.5 362.5 32 336 32h-160C149.5 32 128 53.5 128 80V128H77.25c-8.5 0-16.62 3.375-22.62 9.375L9.375 182.6C3.375 188.6 0 196.8 0 205.3V304h128v-32C128 263.1 135.1 256 144 256h32C184.9 256 192 263.1 192 272v32h128v-32C320 263.1 327.1 256 336 256h32C376.9 256 384 263.1 384 272v32h128V205.3C512 196.8 508.6 188.6 502.6 182.6zM336 128h-160V80h160V128zM384 368c0 8.875-7.125 16-16 16h-32c-8.875 0-16-7.125-16-16v-32H192v32C192 376.9 184.9 384 176 384h-32C135.1 384 128 376.9 128 368v-32H0V448c0 17.62 14.38 32 32 32h448c17.62 0 32-14.38 32-32v-112h-128V368z\"><\/path><\/svg><\/div><div class=\"uagb-ifb-title-wrap\"><h5 class=\"uagb-ifb-title\">55 48 99999 9999<\/h5><\/div><p class=\"uagb-ifb-desc\">D\u00favidas sobre Servi\u00e7os<\/p><\/div><\/div>\n<\/div>\n\n\n\n<div class=\"wp-block-uagb-container uagb-block-9e2395db\">\n<div class=\"wp-block-uagb-info-box uagb-block-60eaeb2a uagb-infobox__content-wrap  uagb-infobox-icon-above-title uagb-infobox-image-valign-top\"><div class=\"uagb-ifb-content\"><div class=\"uagb-ifb-icon-wrap\"><svg xmlns=\"https:\/\/www.w3.org\/2000\/svg\" viewBox=\"0 0 576 512\"><path d=\"M495.5 223.2C491.6 223.7 487.6 224 483.4 224C457.4 224 434.2 212.6 418.3 195C402.4 212.6 379.2 224 353.1 224C327 224 303.8 212.6 287.9 195C272 212.6 248.9 224 222.7 224C196.7 224 173.5 212.6 157.6 195C141.7 212.6 118.5 224 92.36 224C88.3 224 84.21 223.7 80.24 223.2C24.92 215.8-1.255 150.6 28.33 103.8L85.66 13.13C90.76 4.979 99.87 0 109.6 0H466.4C476.1 0 485.2 4.978 490.3 13.13L547.6 103.8C577.3 150.7 551 215.8 495.5 223.2H495.5zM499.7 254.9C503.1 254.4 508 253.6 512 252.6V448C512 483.3 483.3 512 448 512H128C92.66 512 64 483.3 64 448V252.6C67.87 253.6 71.86 254.4 75.97 254.9L76.09 254.9C81.35 255.6 86.83 256 92.36 256C104.8 256 116.8 254.1 128 250.6V384H448V250.7C459.2 254.1 471.1 256 483.4 256C489 256 494.4 255.6 499.7 254.9L499.7 254.9z\"><\/path><\/svg><\/div><div class=\"uagb-ifb-title-wrap\"><h5 class=\"uagb-ifb-title\">55 48 99999 9999<\/h5><\/div><p class=\"uagb-ifb-desc\">D\u00favidas sobre a Super Bike<\/p><\/div><\/div>\n<\/div>\n<\/div><\/div>\n\n\n\n<div class=\"wp-block-uagb-container uagb-block-38066121 alignfull uagb-is-root-container\"><div class=\"uagb-container-inner-blocks-wrap\">\n<div class=\"wp-block-uagb-container uag-blocks-common-selector uagb-block-0cefa06d\">\n<div class=\"wp-block-uagb-advanced-heading uagb-block-12efa784\"><h3 class=\"uagb-heading-text\">VAMOS ENTRAR EM CONTATO?<\/h3><\/div>\n\n\n\n<div class=\"wp-block-uagb-container uagb-block-73027d89\">\n<div class=\"wpcf7 no-js\" id=\"wpcf7-f1720-o1\" lang=\"pt-BR\" dir=\"ltr\" data-wpcf7-id=\"1720\">\n<div class=\"screen-reader-response\"><p role=\"status\" aria-live=\"polite\" aria-atomic=\"true\"><\/p> <ul><\/ul><\/div>\n<form action=\"\/index.php?rest_route=%2Fwp%2Fv2%2Fpages%2F1197#wpcf7-f1720-o1\" method=\"post\" class=\"wpcf7-form init\" aria-label=\"Formul\u00e1rios de contato\" novalidate=\"novalidate\" data-status=\"init\">\n<fieldset class=\"hidden-fields-container\"><input type=\"hidden\" name=\"_wpcf7\" value=\"1720\" \/><input type=\"hidden\" name=\"_wpcf7_version\" value=\"6.1.5\" \/><input type=\"hidden\" name=\"_wpcf7_locale\" value=\"pt_BR\" \/><input type=\"hidden\" name=\"_wpcf7_unit_tag\" value=\"wpcf7-f1720-o1\" \/><input type=\"hidden\" name=\"_wpcf7_container_post\" value=\"0\" \/><input type=\"hidden\" name=\"_wpcf7_posted_data_hash\" value=\"\" \/>\n<\/fieldset>\n<p><label> Seu nome<br \/>\n<span class=\"wpcf7-form-control-wrap\" data-name=\"your-name\"><input size=\"40\" maxlength=\"400\" class=\"wpcf7-form-control wpcf7-text wpcf7-validates-as-required\" autocomplete=\"name\" aria-required=\"true\" aria-invalid=\"false\" value=\"\" type=\"text\" name=\"your-name\" \/><\/span> <\/label>\n<\/p>\n<p><label> Seu e-mail<br \/>\n<span class=\"wpcf7-form-control-wrap\" data-name=\"your-email\"><input size=\"40\" maxlength=\"400\" class=\"wpcf7-form-control wpcf7-email wpcf7-validates-as-required wpcf7-text wpcf7-validates-as-email\" autocomplete=\"email\" aria-required=\"true\" aria-invalid=\"false\" value=\"\" type=\"email\" name=\"your-email\" \/><\/span> <\/label>\n<\/p>\n<p><label> Assunto<br \/>\n<span class=\"wpcf7-form-control-wrap\" data-name=\"your-subject\"><input size=\"40\" maxlength=\"400\" class=\"wpcf7-form-control wpcf7-text wpcf7-validates-as-required\" aria-required=\"true\" aria-invalid=\"false\" value=\"\" type=\"text\" name=\"your-subject\" \/><\/span> <\/label>\n<\/p>\n<p><label> Sua mensagem (opcional)<br \/>\n<span class=\"wpcf7-form-control-wrap\" data-name=\"your-message\"><textarea cols=\"40\" rows=\"10\" maxlength=\"2000\" class=\"wpcf7-form-control wpcf7-textarea\" aria-invalid=\"false\" name=\"your-message\"><\/textarea><\/span> <\/label>\n<\/p>\n<p><input class=\"wpcf7-form-control wpcf7-submit has-spinner\" type=\"submit\" value=\"Enviar\" \/>\n<\/p><div class=\"wpcf7-response-output\" aria-hidden=\"true\"><\/div>\n<\/form>\n<\/div>\n\n<\/div>\n<\/div>\n\n\n\n<div class=\"wp-block-uagb-container uagb-block-80906a29\">\n<div class=\"wp-block-uagb-advanced-heading uagb-block-09ddc0b1\"><h3 class=\"uagb-heading-text\">Mais Detalhes<\/h3><\/div>\n\n\n\n<div class=\"wp-block-uagb-advanced-heading uagb-block-82ac10da\"><h5 class=\"uagb-heading-text\">NOSSOS HOR\u00c1RIOS<\/h5><p class=\"uagb-desc-text\">10:00 &#8211; 22.00<br>Segunda | S\u00e1bado<\/p><\/div>\n\n\n\n<div class=\"wp-block-uagb-advanced-heading uagb-block-89aac5d0\"><h5 class=\"uagb-heading-text\">LOCALIZA\u00c7\u00c3O<\/h5><p class=\"uagb-desc-text\">Lorem ipsum dolor sit amet, xxx, xx \/ XX<\/p><\/div>\n\n\n\n<div class=\"wp-block-uagb-advanced-heading uagb-block-196e173f\"><h5 class=\"uagb-heading-text\">CONTATE-NOS<\/h5><p class=\"uagb-desc-text\">Telefone: 55 48 99999 9999<br>E-mail: contato@xpto.com<\/p><\/div>\n<\/div>\n<\/div><\/div>\n","protected":false},"excerpt":{"rendered":"<p>Fale Conosco VAMOS ENTRAR EM CONTATO? Mais Detalhes NOSSOS HOR\u00c1RIOS 10:00 &#8211; 22.00Segunda | S\u00e1bado LOCALIZA\u00c7\u00c3O Lorem ipsum dolor sit amet, xxx, xx \/ XX CONTATE-NOS Telefone: 55 48 99999 9999E-mail: contato@xpto.com<\/p>\n","protected":false},"author":1,"featured_media":0,"parent":0,"menu_order":0,"comment_status":"closed","ping_status":"closed","template":"","meta":{"_uag_custom_page_level_css":"","site-sidebar-layout":"no-sidebar","site-content-layout":"plain-container","ast-site-content-layout":"normal-width-container","site-content-style":"unboxed","site-sidebar-style":"unboxed","ast-global-header-display":"","ast-banner-title-visibility":"","ast-main-header-display":"","ast-hfb-above-header-display":"","ast-hfb-below-header-display":"","ast-hfb-mobile-header-display":"","site-post-title":"disabled","ast-breadcrumbs-content":"","ast-featured-img":"disabled","footer-sml-layout":"","ast-disable-related-posts":"","theme-transparent-header-meta":"enabled","adv-header-id-meta":"","stick-header-meta":"","header-above-stick-meta":"","header-main-stick-meta":"","header-below-stick-meta":"","astra-migrate-meta-layouts":"set","ast-page-background-enabled":"default","ast-page-background-meta":{"desktop":{"background-color":"","background-image":"","background-repeat":"repeat","background-position":"center center","background-size":"auto","background-attachment":"scroll","background-type":"","background-media":"","overlay-type":"","overlay-color":"","overlay-opacity":"","overlay-gradient":""},"tablet":{"background-color":"","background-image":"","background-repeat":"repeat","background-position":"center center","background-size":"auto","background-attachment":"scroll","background-type":"","background-media":"","overlay-type":"","overlay-color":"","overlay-opacity":"","overlay-gradient":""},"mobile":{"background-color":"","background-image":"","background-repeat":"repeat","background-position":"center center","background-size":"auto","background-attachment":"scroll","background-type":"","background-media":"","overlay-type":"","overlay-color":"","overlay-opacity":"","overlay-gradient":""}},"ast-content-background-meta":{"desktop":{"background-color":"var(--ast-global-color-5)","background-image":"","background-repeat":"repeat","background-position":"center center","background-size":"auto","background-attachment":"scroll","background-type":"","background-media":"","overlay-type":"","overlay-color":"","overlay-opacity":"","overlay-gradient":""},"tablet":{"background-color":"var(--ast-global-color-5)","background-image":"","background-repeat":"repeat","background-position":"center center","background-size":"auto","background-attachment":"scroll","background-type":"","background-media":"","overlay-type":"","overlay-color":"","overlay-opacity":"","overlay-gradient":""},"mobile":{"background-color":"var(--ast-global-color-5)","background-image":"","background-repeat":"repeat","background-position":"center center","background-size":"auto","background-attachment":"scroll","background-type":"","background-media":"","overlay-type":"","overlay-color":"","overlay-opacity":"","overlay-gradient":""}},"footnotes":""},"class_list":["post-1197","page","type-page","status-publish","hentry"],"uagb_featured_image_src":{"full":false,"thumbnail":false,"medium":false,"medium_large":false,"large":false,"1536x1536":false,"2048x2048":false,"woocommerce_thumbnail":false,"woocommerce_single":false,"woocommerce_gallery_thumbnail":false},"uagb_author_info":{"display_name":"SuperBike","author_link":"https:\/\/bikes.podiofg.com\/?author=1"},"uagb_comment_info":0,"uagb_excerpt":"Fale Conosco VAMOS ENTRAR EM CONTATO? Mais Detalhes NOSSOS HOR\u00c1RIOS 10:00 &#8211; 22.00Segunda | S\u00e1bado LOCALIZA\u00c7\u00c3O Lorem ipsum dolor sit amet, xxx, xx \/ XX CONTATE-NOS Telefone: 55 48 99999 9999E-mail: contato@xpto.com","_links":{"self":[{"href":"https:\/\/bikes.podiofg.com\/index.php?rest_route=\/wp\/v2\/pages\/1197","targetHints":{"allow":["GET"]}}],"collection":[{"href":"https:\/\/bikes.podiofg.com\/index.php?rest_route=\/wp\/v2\/pages"}],"about":[{"href":"https:\/\/bikes.podiofg.com\/index.php?rest_route=\/wp\/v2\/types\/page"}],"author":[{"embeddable":true,"href":"https:\/\/bikes.podiofg.com\/index.php?rest_route=\/wp\/v2\/users\/1"}],"replies":[{"embeddable":true,"href":"https:\/\/bikes.podiofg.com\/index.php?rest_route=%2Fwp%2Fv2%2Fcomments&post=1197"}],"version-history":[{"count":7,"href":"https:\/\/bikes.podiofg.com\/index.php?rest_route=\/wp\/v2\/pages\/1197\/revisions"}],"predecessor-version":[{"id":1723,"href":"https:\/\/bikes.podiofg.com\/index.php?rest_route=\/wp\/v2\/pages\/1197\/revisions\/1723"}],"wp:attachment":[{"href":"https:\/\/bikes.podiofg.com\/index.php?rest_route=%2Fwp%2Fv2%2Fmedia&parent=1197"}],"curies":[{"name":"wp","href":"https:\/\/api.w.org\/{rel}","templated":true}]}}